{"id":2408,"date":"2025-02-24T10:30:02","date_gmt":"2025-02-24T10:30:02","guid":{"rendered":"https:\/\/bandsolid.cloudmaple.com\/home\/"},"modified":"2025-04-18T15:33:34","modified_gmt":"2025-04-18T15:33:34","slug":"home","status":"publish","type":"page","link":"https:\/\/bandsolidskladisce.cloudmaple.com\/de\/","title":{"rendered":"Home"},"content":{"rendered":"\t\t<div data-elementor-type=\"wp-page\" data-elementor-id=\"2408\" class=\"elementor elementor-2408 elementor-417\" data-elementor-post-type=\"page\">\n\t\t\t\t<div data-particle_enable=\"false\" data-particle-mobile-disabled=\"false\" class=\"elementor-element elementor-element-fd679e4 e-flex e-con-boxed e-con e-parent\" data-id=\"fd679e4\" data-element_type=\"container\" data-settings=\"{&quot;background_background&quot;:&quot;classic&quot;}\">\n\t\t\t\t\t<div class=\"e-con-inner\">\n\t\t<div data-particle_enable=\"false\" data-particle-mobile-disabled=\"false\" class=\"elementor-element elementor-element-ac5d0ef e-con-full e-flex e-con e-child\" data-id=\"ac5d0ef\" data-element_type=\"container\">\n\t\t\t\t<div class=\"elementor-element elementor-element-c97a453 elementor-widget-divider--view-line_text elementor-widget-divider--element-align-right elementor-widget elementor-widget-divider\" data-id=\"c97a453\" data-element_type=\"widget\" data-widget_type=\"divider.default\">\n\t\t\t\t<div class=\"elementor-widget-container\">\n\t\t\t\t\t\t\t<div class=\"elementor-divider\">\n\t\t\t<span class=\"elementor-divider-separator\">\n\t\t\t\t\t\t\t<span class=\"elementor-divider__text elementor-divider__element\">\n\t\t\t\tBAND SOLID FILTERS\t\t\t\t<\/span>\n\t\t\t\t\t\t<\/span>\n\t\t<\/div>\n\t\t\t\t\t\t<\/div>\n\t\t\t\t<\/div>\n\t\t\t\t<div class=\"elementor-element elementor-element-9573fbe elementor-widget elementor-widget-heading\" data-id=\"9573fbe\" data-element_type=\"widget\" data-widget_type=\"heading.default\">\n\t\t\t\t<div class=\"elementor-widget-container\">\n\t\t\t\t\t<h1 class=\"elementor-heading-title elementor-size-default\">Netzfilter unter 150 kHz<\/h1>\t\t\t\t<\/div>\n\t\t\t\t<\/div>\n\t\t\t\t<div class=\"elementor-element elementor-element-71622c5 elementor-widget elementor-widget-text-editor\" data-id=\"71622c5\" data-element_type=\"widget\" data-widget_type=\"text-editor.default\">\n\t\t\t\t<div class=\"elementor-widget-container\">\n\t\t\t\t\t\t\t\t\t<p>Eliminieren Sie niederfrequentes Rauschen und gew\u00e4hrleisten Sie EMV-Konformit\u00e4t mit unseren leistungsstarken Netzfiltern, die f\u00fcr Frequenzen unter 150 kHz entwickelt wurden. Ideal f\u00fcr empfindliche elektronische Ger\u00e4te, industrielle Steuerungen und Audiosysteme. Entdecken Sie unsere Auswahl f\u00fcr zuverl\u00e4ssige Funkentst\u00f6rung.<\/p>\t\t\t\t\t\t\t\t<\/div>\n\t\t\t\t<\/div>\n\t\t\t\t<div class=\"elementor-element elementor-element-3db7b5b elementor-widget elementor-widget-button\" data-id=\"3db7b5b\" data-element_type=\"widget\" data-widget_type=\"button.default\">\n\t\t\t\t<div class=\"elementor-widget-container\">\n\t\t\t\t\t\t\t\t\t<div class=\"elementor-button-wrapper\">\n\t\t\t\t\t<a class=\"elementor-button elementor-button-link elementor-size-sm\" href=\"\/shop\">\n\t\t\t\t\t\t<span class=\"elementor-button-content-wrapper\">\n\t\t\t\t\t\t\t\t\t<span class=\"elementor-button-text\">Jetzt kaufen<\/span>\n\t\t\t\t\t<\/span>\n\t\t\t\t\t<\/a>\n\t\t\t\t<\/div>\n\t\t\t\t\t\t\t\t<\/div>\n\t\t\t\t<\/div>\n\t\t\t\t<\/div>\n\t\t\t\t\t<\/div>\n\t\t\t\t<\/div>\n\t\t\t\t<\/div>\n\t\t","protected":false},"excerpt":{"rendered":"<p>BAND SOLID FILTERS Netzfilter unter 150 kHz Eliminieren Sie niederfrequentes Rauschen und gew\u00e4hrleisten Sie EMV-Konformit\u00e4t mit unseren leistungsstarken Netzfiltern, die f\u00fcr Frequenzen unter 150 kHz entwickelt wurden. Ideal f\u00fcr empfindliche elektronische Ger\u00e4te, industrielle Steuerungen und Audiosysteme. Entdecken Sie unsere Auswahl f\u00fcr zuverl\u00e4ssige Funkentst\u00f6rung. Jetzt kaufen<\/p>\n","protected":false},"author":1,"featured_media":0,"parent":0,"menu_order":0,"comment_status":"closed","ping_status":"closed","template":"","meta":{"_acf_changed":false,"inline_featured_image":false,"site-sidebar-layout":"no-sidebar","site-content-layout":"page-builder","ast-site-content-layout":"default","site-content-style":"default","site-sidebar-style":"default","ast-global-header-display":"","ast-banner-title-visibility":"","ast-main-header-display":"","ast-hfb-above-header-display":"","ast-hfb-below-header-display":"","ast-hfb-mobile-header-display":"","site-post-title":"disabled","ast-breadcrumbs-content":"","ast-featured-img":"disabled","footer-sml-layout":"","theme-transparent-header-meta":"enabled","adv-header-id-meta":"","stick-header-meta":"","header-above-stick-meta":"","header-main-stick-meta":"","header-below-stick-meta":"","astra-migrate-meta-layouts":"default","ast-page-background-enabled":"default","ast-page-background-meta":{"desktop":{"background-color":"","background-image":"","background-repeat":"repeat","background-position":"center center","background-size":"auto","background-attachment":"scroll","background-type":"","background-media":"","overlay-type":"","overlay-color":"","overlay-opacity":"","overlay-gradient":""},"tablet":{"background-color":"","background-image":"","background-repeat":"repeat","background-position":"center center","background-size":"auto","background-attachment":"scroll","background-type":"","background-media":"","overlay-type":"","overlay-color":"","overlay-opacity":"","overlay-gradient":""},"mobile":{"background-color":"","background-image":"","background-repeat":"repeat","background-position":"center center","background-size":"auto","background-attachment":"scroll","background-type":"","background-media":"","overlay-type":"","overlay-color":"","overlay-opacity":"","overlay-gradient":""}},"ast-content-background-meta":{"desktop":{"background-color":"var(--ast-global-color-5)","background-image":"","background-repeat":"repeat","background-position":"center center","background-size":"auto","background-attachment":"scroll","background-type":"","background-media":"","overlay-type":"","overlay-color":"","overlay-opacity":"","overlay-gradient":""},"tablet":{"background-color":"var(--ast-global-color-5)","background-image":"","background-repeat":"repeat","background-position":"center center","background-size":"auto","background-attachment":"scroll","background-type":"","background-media":"","overlay-type":"","overlay-color":"","overlay-opacity":"","overlay-gradient":""},"mobile":{"background-color":"var(--ast-global-color-5)","background-image":"","background-repeat":"repeat","background-position":"center center","background-size":"auto","background-attachment":"scroll","background-type":"","background-media":"","overlay-type":"","overlay-color":"","overlay-opacity":"","overlay-gradient":""}},"footnotes":""},"class_list":["post-2408","page","type-page","status-publish","hentry"],"acf":[],"yoast_head":"<!-- This site is optimized with the Yoast SEO plugin v25.9 - https:\/\/yoast.com\/wordpress\/plugins\/seo\/ -->\n<title>Home - Bandsolid Filters<\/title>\n<meta name=\"robots\" content=\"noindex, follow, max-snippet:-1, max-image-preview:large, max-video-preview:-1\" \/>\n<meta property=\"og:locale\" content=\"de_DE\" \/>\n<meta property=\"og:type\" content=\"article\" \/>\n<meta property=\"og:title\" content=\"Home - Bandsolid Filters\" \/>\n<meta property=\"og:description\" content=\"BAND SOLID FILTERS Netzfilter unter 150 kHz Eliminieren Sie niederfrequentes Rauschen und gew\u00e4hrleisten Sie EMV-Konformit\u00e4t mit unseren leistungsstarken Netzfiltern, die f\u00fcr Frequenzen unter 150 kHz entwickelt wurden. Ideal f\u00fcr empfindliche elektronische Ger\u00e4te, industrielle Steuerungen und Audiosysteme. Entdecken Sie unsere Auswahl f\u00fcr zuverl\u00e4ssige Funkentst\u00f6rung. Jetzt kaufen\" \/>\n<meta property=\"og:url\" content=\"https:\/\/bandsolidskladisce.cloudmaple.com\/de\/\" \/>\n<meta property=\"og:site_name\" content=\"Bandsolid Filters\" \/>\n<meta property=\"article:modified_time\" content=\"2025-04-18T15:33:34+00:00\" \/>\n<meta name=\"twitter:card\" content=\"summary_large_image\" \/>\n<meta name=\"twitter:label1\" content=\"Gesch\u00e4tzte Lesezeit\" \/>\n\t<meta name=\"twitter:data1\" content=\"1\u00a0Minute\" \/>\n<script type=\"application\/ld+json\" class=\"yoast-schema-graph\">{\"@context\":\"https:\/\/schema.org\",\"@graph\":[{\"@type\":\"WebPage\",\"@id\":\"https:\/\/bandsolidskladisce.cloudmaple.com\/de\/\",\"url\":\"https:\/\/bandsolidskladisce.cloudmaple.com\/de\/\",\"name\":\"Home - Bandsolid Filters\",\"isPartOf\":{\"@id\":\"https:\/\/bandsolidskladisce.cloudmaple.com\/de\/#website\"},\"datePublished\":\"2025-02-24T10:30:02+00:00\",\"dateModified\":\"2025-04-18T15:33:34+00:00\",\"breadcrumb\":{\"@id\":\"https:\/\/bandsolidskladisce.cloudmaple.com\/de\/#breadcrumb\"},\"inLanguage\":\"de\",\"potentialAction\":[{\"@type\":\"ReadAction\",\"target\":[\"https:\/\/bandsolidskladisce.cloudmaple.com\/de\/\"]}]},{\"@type\":\"BreadcrumbList\",\"@id\":\"https:\/\/bandsolidskladisce.cloudmaple.com\/de\/#breadcrumb\",\"itemListElement\":[{\"@type\":\"ListItem\",\"position\":1,\"name\":\"Home\",\"item\":\"https:\/\/bandsolidskladisce.cloudmaple.com\/de\/en\/\"},{\"@type\":\"ListItem\",\"position\":2,\"name\":\"Home\"}]},{\"@type\":\"WebSite\",\"@id\":\"https:\/\/bandsolidskladisce.cloudmaple.com\/de\/#website\",\"url\":\"https:\/\/bandsolidskladisce.cloudmaple.com\/de\/\",\"name\":\"Bandsolid Filters\",\"description\":\"\",\"publisher\":{\"@id\":\"https:\/\/bandsolidskladisce.cloudmaple.com\/de\/#organization\"},\"potentialAction\":[{\"@type\":\"SearchAction\",\"target\":{\"@type\":\"EntryPoint\",\"urlTemplate\":\"https:\/\/bandsolidskladisce.cloudmaple.com\/de\/?s={search_term_string}\"},\"query-input\":{\"@type\":\"PropertyValueSpecification\",\"valueRequired\":true,\"valueName\":\"search_term_string\"}}],\"inLanguage\":\"de\"},{\"@type\":\"Organization\",\"@id\":\"https:\/\/bandsolidskladisce.cloudmaple.com\/de\/#organization\",\"name\":\"Bandsolid Filters\",\"url\":\"https:\/\/bandsolidskladisce.cloudmaple.com\/de\/\",\"logo\":{\"@type\":\"ImageObject\",\"inLanguage\":\"de\",\"@id\":\"https:\/\/bandsolidskladisce.cloudmaple.com\/de\/#\/schema\/logo\/image\/\",\"url\":\"https:\/\/bandsolidskladisce.cloudmaple.com\/wp-content\/uploads\/2025\/04\/bandsolid-karntennetz-logo-v4.png\",\"contentUrl\":\"https:\/\/bandsolidskladisce.cloudmaple.com\/wp-content\/uploads\/2025\/04\/bandsolid-karntennetz-logo-v4.png\",\"width\":387,\"height\":61,\"caption\":\"Bandsolid Filters\"},\"image\":{\"@id\":\"https:\/\/bandsolidskladisce.cloudmaple.com\/de\/#\/schema\/logo\/image\/\"}}]}<\/script>\n<!-- \/ Yoast SEO plugin. -->","yoast_head_json":{"title":"Home - Bandsolid Filters","robots":{"index":"noindex","follow":"follow","max-snippet":"max-snippet:-1","max-image-preview":"max-image-preview:large","max-video-preview":"max-video-preview:-1"},"og_locale":"de_DE","og_type":"article","og_title":"Home - Bandsolid Filters","og_description":"BAND SOLID FILTERS Netzfilter unter 150 kHz Eliminieren Sie niederfrequentes Rauschen und gew\u00e4hrleisten Sie EMV-Konformit\u00e4t mit unseren leistungsstarken Netzfiltern, die f\u00fcr Frequenzen unter 150 kHz entwickelt wurden. Ideal f\u00fcr empfindliche elektronische Ger\u00e4te, industrielle Steuerungen und Audiosysteme. Entdecken Sie unsere Auswahl f\u00fcr zuverl\u00e4ssige Funkentst\u00f6rung. Jetzt kaufen","og_url":"https:\/\/bandsolidskladisce.cloudmaple.com\/de\/","og_site_name":"Bandsolid Filters","article_modified_time":"2025-04-18T15:33:34+00:00","twitter_card":"summary_large_image","twitter_misc":{"Gesch\u00e4tzte Lesezeit":"1\u00a0Minute"},"schema":{"@context":"https:\/\/schema.org","@graph":[{"@type":"WebPage","@id":"https:\/\/bandsolidskladisce.cloudmaple.com\/de\/","url":"https:\/\/bandsolidskladisce.cloudmaple.com\/de\/","name":"Home - Bandsolid Filters","isPartOf":{"@id":"https:\/\/bandsolidskladisce.cloudmaple.com\/de\/#website"},"datePublished":"2025-02-24T10:30:02+00:00","dateModified":"2025-04-18T15:33:34+00:00","breadcrumb":{"@id":"https:\/\/bandsolidskladisce.cloudmaple.com\/de\/#breadcrumb"},"inLanguage":"de","potentialAction":[{"@type":"ReadAction","target":["https:\/\/bandsolidskladisce.cloudmaple.com\/de\/"]}]},{"@type":"BreadcrumbList","@id":"https:\/\/bandsolidskladisce.cloudmaple.com\/de\/#breadcrumb","itemListElement":[{"@type":"ListItem","position":1,"name":"Home","item":"https:\/\/bandsolidskladisce.cloudmaple.com\/de\/en\/"},{"@type":"ListItem","position":2,"name":"Home"}]},{"@type":"WebSite","@id":"https:\/\/bandsolidskladisce.cloudmaple.com\/de\/#website","url":"https:\/\/bandsolidskladisce.cloudmaple.com\/de\/","name":"Bandsolid Filters","description":"","publisher":{"@id":"https:\/\/bandsolidskladisce.cloudmaple.com\/de\/#organization"},"potentialAction":[{"@type":"SearchAction","target":{"@type":"EntryPoint","urlTemplate":"https:\/\/bandsolidskladisce.cloudmaple.com\/de\/?s={search_term_string}"},"query-input":{"@type":"PropertyValueSpecification","valueRequired":true,"valueName":"search_term_string"}}],"inLanguage":"de"},{"@type":"Organization","@id":"https:\/\/bandsolidskladisce.cloudmaple.com\/de\/#organization","name":"Bandsolid Filters","url":"https:\/\/bandsolidskladisce.cloudmaple.com\/de\/","logo":{"@type":"ImageObject","inLanguage":"de","@id":"https:\/\/bandsolidskladisce.cloudmaple.com\/de\/#\/schema\/logo\/image\/","url":"https:\/\/bandsolidskladisce.cloudmaple.com\/wp-content\/uploads\/2025\/04\/bandsolid-karntennetz-logo-v4.png","contentUrl":"https:\/\/bandsolidskladisce.cloudmaple.com\/wp-content\/uploads\/2025\/04\/bandsolid-karntennetz-logo-v4.png","width":387,"height":61,"caption":"Bandsolid Filters"},"image":{"@id":"https:\/\/bandsolidskladisce.cloudmaple.com\/de\/#\/schema\/logo\/image\/"}}]}},"_links":{"self":[{"href":"https:\/\/bandsolidskladisce.cloudmaple.com\/de\/wp-json\/wp\/v2\/pages\/2408","targetHints":{"allow":["GET"]}}],"collection":[{"href":"https:\/\/bandsolidskladisce.cloudmaple.com\/de\/wp-json\/wp\/v2\/pages"}],"about":[{"href":"https:\/\/bandsolidskladisce.cloudmaple.com\/de\/wp-json\/wp\/v2\/types\/page"}],"author":[{"embeddable":true,"href":"https:\/\/bandsolidskladisce.cloudmaple.com\/de\/wp-json\/wp\/v2\/users\/1"}],"replies":[{"embeddable":true,"href":"https:\/\/bandsolidskladisce.cloudmaple.com\/de\/wp-json\/wp\/v2\/comments?post=2408"}],"version-history":[{"count":7,"href":"https:\/\/bandsolidskladisce.cloudmaple.com\/de\/wp-json\/wp\/v2\/pages\/2408\/revisions"}],"predecessor-version":[{"id":2422,"href":"https:\/\/bandsolidskladisce.cloudmaple.com\/de\/wp-json\/wp\/v2\/pages\/2408\/revisions\/2422"}],"wp:attachment":[{"href":"https:\/\/bandsolidskladisce.cloudmaple.com\/de\/wp-json\/wp\/v2\/media?parent=2408"}],"curies":[{"name":"wp","href":"https:\/\/api.w.org\/{rel}","templated":true}]}}