{"id":1220,"date":"2025-02-24T10:30:02","date_gmt":"2025-02-24T10:30:02","guid":{"rendered":"https:\/\/bandsolid.cloudmaple.com\/mein-account\/"},"modified":"2025-04-21T15:17:08","modified_gmt":"2025-04-21T15:17:08","slug":"mein-account","status":"publish","type":"page","link":"https:\/\/bandsolidskladisce.cloudmaple.com\/de\/mein-account\/","title":{"rendered":"Mein Account"},"content":{"rendered":"\t\t<div data-elementor-type=\"wp-page\" data-elementor-id=\"1220\" class=\"elementor elementor-1220 elementor-220\" data-elementor-post-type=\"page\">\n\t\t\t\t<div data-particle_enable=\"false\" data-particle-mobile-disabled=\"false\" class=\"elementor-element elementor-element-cde4924 e-flex e-con-boxed e-con e-parent\" data-id=\"cde4924\" data-element_type=\"container\">\n\t\t\t\t\t<div class=\"e-con-inner\">\n\t\t\t\t<div class=\"elementor-element elementor-element-775caaa elementor-widget elementor-widget-heading\" data-id=\"775caaa\" data-element_type=\"widget\" data-widget_type=\"heading.default\">\n\t\t\t\t<div class=\"elementor-widget-container\">\n\t\t\t\t\t<h2 class=\"elementor-heading-title elementor-size-default\">Mein Konto<\/h2>\t\t\t\t<\/div>\n\t\t\t\t<\/div>\n\t\t\t\t\t<\/div>\n\t\t\t\t<\/div>\n\t\t<div data-particle_enable=\"false\" data-particle-mobile-disabled=\"false\" class=\"elementor-element elementor-element-33b00ce0 e-flex e-con-boxed e-con e-parent\" data-id=\"33b00ce0\" data-element_type=\"container\">\n\t\t\t\t\t<div class=\"e-con-inner\">\n\t\t\t\t<div class=\"elementor-element elementor-element-bdb3b0e elementor-widget elementor-widget-eael-woo-account-dashboard\" data-id=\"bdb3b0e\" data-element_type=\"widget\" data-settings=\"{&quot;eael_account_dashboard_table_header_column_alignment&quot;:&quot;left&quot;,&quot;eael_account_dashboard_table_body_column_alignment&quot;:&quot;left&quot;}\" data-widget_type=\"eael-woo-account-dashboard.default\">\n\t\t\t\t<div class=\"elementor-widget-container\">\n\t\t\t\t\t\n        <div class=\"eael-account-dashboard-wrap\">\n            <div class=\"eael-account-dashboard-wrapper preset-2\">\n    <div class=\"eael-account-dashboard-body\">\n        <div class=\"eael-account-dashboard-container\">\n            \t\t<div class=\"eael-account-dashboard-navbar eael-d-none\">\n\t\t\t\n<nav class=\"woocommerce-MyAccount-navigation\" aria-label=\"Kontoseiten\">\n\t<ul>\n\t\t\t\t\t<li class=\"woocommerce-MyAccount-navigation-link woocommerce-MyAccount-navigation-link--dashboard\">\n\t\t\t\t<a href=\"https:\/\/bandsolidskladisce.cloudmaple.com\/de\/mein-account\/\" >\n\t\t\t\t\t\u00dcbersicht\t\t\t\t<\/a>\n\t\t\t<\/li>\n\t\t\t\t\t<li class=\"woocommerce-MyAccount-navigation-link woocommerce-MyAccount-navigation-link--orders\">\n\t\t\t\t<a href=\"https:\/\/bandsolidskladisce.cloudmaple.com\/de\/mein-account\/orders\/\" >\n\t\t\t\t\tBestellungen\t\t\t\t<\/a>\n\t\t\t<\/li>\n\t\t\t\t\t<li class=\"woocommerce-MyAccount-navigation-link woocommerce-MyAccount-navigation-link--downloads\">\n\t\t\t\t<a href=\"https:\/\/bandsolidskladisce.cloudmaple.com\/de\/mein-account\/downloads\/\" >\n\t\t\t\t\tDownloads\t\t\t\t<\/a>\n\t\t\t<\/li>\n\t\t\t\t\t<li class=\"woocommerce-MyAccount-navigation-link woocommerce-MyAccount-navigation-link--edit-address\">\n\t\t\t\t<a href=\"https:\/\/bandsolidskladisce.cloudmaple.com\/de\/mein-account\/edit-address\/\" >\n\t\t\t\t\tAdressen\t\t\t\t<\/a>\n\t\t\t<\/li>\n\t\t\t\t\t<li class=\"woocommerce-MyAccount-navigation-link woocommerce-MyAccount-navigation-link--edit-account\">\n\t\t\t\t<a href=\"https:\/\/bandsolidskladisce.cloudmaple.com\/de\/mein-account\/edit-account\/\" >\n\t\t\t\t\tKontodetails\t\t\t\t<\/a>\n\t\t\t<\/li>\n\t\t\t\t\t<li class=\"woocommerce-MyAccount-navigation-link woocommerce-MyAccount-navigation-link--customer-logout\">\n\t\t\t\t<a href=\"https:\/\/bandsolidskladisce.cloudmaple.com\/de\/mein-account\/customer-logout\/?_wpnonce=9620e4b008\" >\n\t\t\t\t\tAbmelden\t\t\t\t<\/a>\n\t\t\t<\/li>\n\t\t\t\t\t<li class=\"woocommerce-MyAccount-navigation-link woocommerce-MyAccount-navigation-link--vat-number\">\n\t\t\t\t<a href=\"https:\/\/bandsolidskladisce.cloudmaple.com\/de\/mein-account\/vat-number\/\" >\n\t\t\t\t\tVAT number\t\t\t\t<\/a>\n\t\t\t<\/li>\n\t\t\t<\/ul>\n<\/nav>\n\n\n\t\t\t\t\t<\/div>\n\t\t            \t\t<div class=\"eael-account-dashboard-content\">\n\t\t\t<div class=\"woocommerce\"><div class=\"woocommerce-notices-wrapper\"><\/div>\n\n<div class=\"u-columns col2-set\" id=\"customer_login\">\n\n\t<div class=\"u-column1 col-1\">\n\n\n\t\t<h2>Anmelden<\/h2>\n\n\t\t<form class=\"woocommerce-form woocommerce-form-login login\" method=\"post\" novalidate>\n\n\t\t\t\n\t\t\t<p class=\"woocommerce-form-row woocommerce-form-row--wide form-row form-row-wide\">\n\t\t\t\t<label for=\"username\">Benutzername oder E-Mail-Adresse&nbsp;<span class=\"required\" aria-hidden=\"true\">*<\/span><span class=\"screen-reader-text\">Erforderlich<\/span><\/label>\n\t\t\t\t<input type=\"text\" class=\"woocommerce-Input woocommerce-Input--text input-text\" name=\"username\" id=\"username\" autocomplete=\"username\" value=\"\" required aria-required=\"true\" \/>\t\t\t<\/p>\n\t\t\t<p class=\"woocommerce-form-row woocommerce-form-row--wide form-row form-row-wide\">\n\t\t\t\t<label for=\"password\">Passwort&nbsp;<span class=\"required\" aria-hidden=\"true\">*<\/span><span class=\"screen-reader-text\">Erforderlich<\/span><\/label>\n\t\t\t\t<input class=\"woocommerce-Input woocommerce-Input--text input-text\" type=\"password\" name=\"password\" id=\"password\" autocomplete=\"current-password\" required aria-required=\"true\" \/>\n\t\t\t<\/p>\n\n\t\t\t\n\t\t\t<p class=\"form-row\">\n\t\t\t\t<label class=\"woocommerce-form__label woocommerce-form__label-for-checkbox woocommerce-form-login__rememberme\">\n\t\t\t\t\t<input class=\"woocommerce-form__input woocommerce-form__input-checkbox\" name=\"rememberme\" type=\"checkbox\" id=\"rememberme\" value=\"forever\" \/> <span>Angemeldet bleiben<\/span>\n\t\t\t\t<\/label>\n\t\t\t\t<input type=\"hidden\" id=\"woocommerce-login-nonce\" name=\"woocommerce-login-nonce\" value=\"465c6269a9\" \/><input type=\"hidden\" name=\"_wp_http_referer\" value=\"\/de\/wp-json\/wp\/v2\/pages\/1220\" \/>\t\t\t\t<button type=\"submit\" class=\"woocommerce-button button woocommerce-form-login__submit\" name=\"login\" value=\"Anmelden\">Anmelden<\/button>\n\t\t\t<\/p>\n\t\t\t<p class=\"woocommerce-LostPassword lost_password\">\n\t\t\t\t<a href=\"https:\/\/bandsolidskladisce.cloudmaple.com\/de\/mein-account\/lost-password\/\">Passwort vergessen?<\/a>\n\t\t\t<\/p>\n\n\t\t\t\n\t\t<\/form>\n\n\n\t<\/div>\n\n\t<div class=\"u-column2 col-2\">\n\n\t\t<h2>Registrieren<\/h2>\n\n\t\t<form method=\"post\" class=\"woocommerce-form woocommerce-form-register register\"  >\n\n\t\t\t\n\t\t\t\n\t\t\t<p class=\"woocommerce-form-row woocommerce-form-row--wide form-row form-row-wide\">\n\t\t\t\t<label for=\"reg_email\">E-Mail-Adresse&nbsp;<span class=\"required\" aria-hidden=\"true\">*<\/span><span class=\"screen-reader-text\">Erforderlich<\/span><\/label>\n\t\t\t\t<input type=\"email\" class=\"woocommerce-Input woocommerce-Input--text input-text\" name=\"email\" id=\"reg_email\" autocomplete=\"email\" value=\"\" required aria-required=\"true\" \/>\t\t\t<\/p>\n\n\t\t\t\n\t\t\t\t<p class=\"woocommerce-form-row woocommerce-form-row--wide form-row form-row-wide\">\n\t\t\t\t\t<label for=\"reg_password\">Passwort&nbsp;<span class=\"required\" aria-hidden=\"true\">*<\/span><span class=\"screen-reader-text\">Erforderlich<\/span><\/label>\n\t\t\t\t\t<input type=\"password\" class=\"woocommerce-Input woocommerce-Input--text input-text\" name=\"password\" id=\"reg_password\" autocomplete=\"new-password\" required aria-required=\"true\" \/>\n\t\t\t\t<\/p>\n\n\t\t\t\n\t\t\t<wc-order-attribution-inputs><\/wc-order-attribution-inputs><div class=\"woocommerce-privacy-policy-text\"><p>Ihre pers\u00f6nlichen Daten werden zur Bearbeitung Ihrer Bestellung, zur Unterst\u00fctzung Ihrer Erfahrungen auf dieser Website und f\u00fcr andere in unserer <a href=\"https:\/\/bandsolidskladisce.cloudmaple.com\/?page_id=3\" class=\"woocommerce-privacy-policy-link\" target=\"_blank\">Datenschutzerkl\u00e4rung<\/a> beschrieben sind.<\/p>\n<\/div>\n\t\t\t<p class=\"woocommerce-form-row form-row\">\n\t\t\t\t<input type=\"hidden\" id=\"woocommerce-register-nonce\" name=\"woocommerce-register-nonce\" value=\"a4ec19f185\" \/><input type=\"hidden\" name=\"_wp_http_referer\" value=\"\/de\/wp-json\/wp\/v2\/pages\/1220\" \/>\t\t\t\t<button type=\"submit\" class=\"woocommerce-Button woocommerce-button button woocommerce-form-register__submit\" name=\"register\" value=\"Registrieren\">Registrieren<\/button>\n\t\t\t<\/p>\n\n\t\t\t\n\t\t<\/form>\n\n\t<\/div>\n\n<\/div>\n\n<\/div>\t\t<\/div>\n\t\t        <\/div>\n    <\/div>\n<\/div>        <\/div>\n\n\t\t\t\t\t\t<\/div>\n\t\t\t\t<\/div>\n\t\t\t\t\t<\/div>\n\t\t\t\t<\/div>\n\t\t\t\t<\/div>\n\t\t","protected":false},"excerpt":{"rendered":"<p>Mein Konto \u00dcbersicht Bestellungen Downloads Adressen Kontodetails Abmelden Zahlungsmethoden VAT number admin \u00dcbersicht Bestellungen Downloads Adressen Kontodetails Abmelden Zahlungsmethoden VAT number Hallo admin (nicht admin? Abmelden) In deiner Konto-\u00dcbersicht kannst du deine letzten Bestellungen ansehen, deine Liefer- und Rechnungsadresse verwalten und dein Passwort und die Kontodetails bearbeiten.<\/p>\n","protected":false},"author":1,"featured_media":0,"parent":0,"menu_order":0,"comment_status":"closed","ping_status":"closed","template":"elementor_header_footer","meta":{"_acf_changed":false,"inline_featured_image":false,"site-sidebar-layout":"default","site-content-layout":"","ast-site-content-layout":"default","site-content-style":"default","site-sidebar-style":"default","ast-global-header-display":"","ast-banner-title-visibility":"","ast-main-header-display":"","ast-hfb-above-header-display":"","ast-hfb-below-header-display":"","ast-hfb-mobile-header-display":"","site-post-title":"","ast-breadcrumbs-content":"","ast-featured-img":"","footer-sml-layout":"","theme-transparent-header-meta":"","adv-header-id-meta":"","stick-header-meta":"","header-above-stick-meta":"","header-main-stick-meta":"","header-below-stick-meta":"","astra-migrate-meta-layouts":"default","ast-page-background-enabled":"default","ast-page-background-meta":{"desktop":{"background-color":"","background-image":"","background-repeat":"repeat","background-position":"center center","background-size":"auto","background-attachment":"scroll","background-type":"","background-media":"","overlay-type":"","overlay-color":"","overlay-opacity":"","overlay-gradient":""},"tablet":{"background-color":"","background-image":"","background-repeat":"repeat","background-position":"center center","background-size":"auto","background-attachment":"scroll","background-type":"","background-media":"","overlay-type":"","overlay-color":"","overlay-opacity":"","overlay-gradient":""},"mobile":{"background-color":"","background-image":"","background-repeat":"repeat","background-position":"center center","background-size":"auto","background-attachment":"scroll","background-type":"","background-media":"","overlay-type":"","overlay-color":"","overlay-opacity":"","overlay-gradient":""}},"ast-content-background-meta":{"desktop":{"background-color":"var(--ast-global-color-5)","background-image":"","background-repeat":"repeat","background-position":"center center","background-size":"auto","background-attachment":"scroll","background-type":"","background-media":"","overlay-type":"","overlay-color":"","overlay-opacity":"","overlay-gradient":""},"tablet":{"background-color":"var(--ast-global-color-5)","background-image":"","background-repeat":"repeat","background-position":"center center","background-size":"auto","background-attachment":"scroll","background-type":"","background-media":"","overlay-type":"","overlay-color":"","overlay-opacity":"","overlay-gradient":""},"mobile":{"background-color":"var(--ast-global-color-5)","background-image":"","background-repeat":"repeat","background-position":"center center","background-size":"auto","background-attachment":"scroll","background-type":"","background-media":"","overlay-type":"","overlay-color":"","overlay-opacity":"","overlay-gradient":""}},"footnotes":""},"class_list":["post-1220","page","type-page","status-publish","hentry"],"acf":[],"yoast_head":"<!-- This site is optimized with the Yoast SEO plugin v25.9 - https:\/\/yoast.com\/wordpress\/plugins\/seo\/ -->\n<title>Mein Account - Bandsolid Filters<\/title>\n<meta name=\"robots\" content=\"noindex, follow, max-snippet:-1, max-image-preview:large, max-video-preview:-1\" \/>\n<meta property=\"og:locale\" content=\"de_DE\" \/>\n<meta property=\"og:type\" content=\"article\" \/>\n<meta property=\"og:title\" content=\"Mein Account - Bandsolid Filters\" \/>\n<meta property=\"og:description\" content=\"Mein Konto \u00dcbersicht Bestellungen Downloads Adressen Kontodetails Abmelden Zahlungsmethoden VAT number admin \u00dcbersicht Bestellungen Downloads Adressen Kontodetails Abmelden Zahlungsmethoden VAT number Hallo admin (nicht admin? Abmelden) In deiner Konto-\u00dcbersicht kannst du deine letzten Bestellungen ansehen, deine Liefer- und Rechnungsadresse verwalten und dein Passwort und die Kontodetails bearbeiten.\" \/>\n<meta property=\"og:url\" content=\"https:\/\/bandsolidskladisce.cloudmaple.com\/de\/mein-account\/\" \/>\n<meta property=\"og:site_name\" content=\"Bandsolid Filters\" \/>\n<meta property=\"article:modified_time\" content=\"2025-04-21T15:17:08+00:00\" \/>\n<meta name=\"twitter:card\" content=\"summary_large_image\" \/>\n<meta name=\"twitter:label1\" content=\"Gesch\u00e4tzte Lesezeit\" \/>\n\t<meta name=\"twitter:data1\" content=\"2\u00a0Minuten\" \/>\n<script type=\"application\/ld+json\" class=\"yoast-schema-graph\">{\"@context\":\"https:\/\/schema.org\",\"@graph\":[{\"@type\":\"WebPage\",\"@id\":\"https:\/\/bandsolidskladisce.cloudmaple.com\/de\/mein-account\/\",\"url\":\"https:\/\/bandsolidskladisce.cloudmaple.com\/de\/mein-account\/\",\"name\":\"Mein Account - Bandsolid Filters\",\"isPartOf\":{\"@id\":\"https:\/\/bandsolidskladisce.cloudmaple.com\/de\/#website\"},\"datePublished\":\"2025-02-24T10:30:02+00:00\",\"dateModified\":\"2025-04-21T15:17:08+00:00\",\"breadcrumb\":{\"@id\":\"https:\/\/bandsolidskladisce.cloudmaple.com\/de\/mein-account\/#breadcrumb\"},\"inLanguage\":\"de\",\"potentialAction\":[{\"@type\":\"ReadAction\",\"target\":[\"https:\/\/bandsolidskladisce.cloudmaple.com\/de\/mein-account\/\"]}]},{\"@type\":\"BreadcrumbList\",\"@id\":\"https:\/\/bandsolidskladisce.cloudmaple.com\/de\/mein-account\/#breadcrumb\",\"itemListElement\":[{\"@type\":\"ListItem\",\"position\":1,\"name\":\"Home\",\"item\":\"https:\/\/bandsolidskladisce.cloudmaple.com\/de\/en\/\"},{\"@type\":\"ListItem\",\"position\":2,\"name\":\"Mein Account\"}]},{\"@type\":\"WebSite\",\"@id\":\"https:\/\/bandsolidskladisce.cloudmaple.com\/de\/#website\",\"url\":\"https:\/\/bandsolidskladisce.cloudmaple.com\/de\/\",\"name\":\"Bandsolid Filters\",\"description\":\"\",\"publisher\":{\"@id\":\"https:\/\/bandsolidskladisce.cloudmaple.com\/de\/#organization\"},\"potentialAction\":[{\"@type\":\"SearchAction\",\"target\":{\"@type\":\"EntryPoint\",\"urlTemplate\":\"https:\/\/bandsolidskladisce.cloudmaple.com\/de\/?s={search_term_string}\"},\"query-input\":{\"@type\":\"PropertyValueSpecification\",\"valueRequired\":true,\"valueName\":\"search_term_string\"}}],\"inLanguage\":\"de\"},{\"@type\":\"Organization\",\"@id\":\"https:\/\/bandsolidskladisce.cloudmaple.com\/de\/#organization\",\"name\":\"Bandsolid Filters\",\"url\":\"https:\/\/bandsolidskladisce.cloudmaple.com\/de\/\",\"logo\":{\"@type\":\"ImageObject\",\"inLanguage\":\"de\",\"@id\":\"https:\/\/bandsolidskladisce.cloudmaple.com\/de\/#\/schema\/logo\/image\/\",\"url\":\"https:\/\/bandsolidskladisce.cloudmaple.com\/wp-content\/uploads\/2025\/04\/bandsolid-karntennetz-logo-v4.png\",\"contentUrl\":\"https:\/\/bandsolidskladisce.cloudmaple.com\/wp-content\/uploads\/2025\/04\/bandsolid-karntennetz-logo-v4.png\",\"width\":387,\"height\":61,\"caption\":\"Bandsolid Filters\"},\"image\":{\"@id\":\"https:\/\/bandsolidskladisce.cloudmaple.com\/de\/#\/schema\/logo\/image\/\"}}]}<\/script>\n<!-- \/ Yoast SEO plugin. -->","yoast_head_json":{"title":"Mein Account - Bandsolid Filters","robots":{"index":"noindex","follow":"follow","max-snippet":"max-snippet:-1","max-image-preview":"max-image-preview:large","max-video-preview":"max-video-preview:-1"},"og_locale":"de_DE","og_type":"article","og_title":"Mein Account - Bandsolid Filters","og_description":"Mein Konto \u00dcbersicht Bestellungen Downloads Adressen Kontodetails Abmelden Zahlungsmethoden VAT number admin \u00dcbersicht Bestellungen Downloads Adressen Kontodetails Abmelden Zahlungsmethoden VAT number Hallo admin (nicht admin? Abmelden) In deiner Konto-\u00dcbersicht kannst du deine letzten Bestellungen ansehen, deine Liefer- und Rechnungsadresse verwalten und dein Passwort und die Kontodetails bearbeiten.","og_url":"https:\/\/bandsolidskladisce.cloudmaple.com\/de\/mein-account\/","og_site_name":"Bandsolid Filters","article_modified_time":"2025-04-21T15:17:08+00:00","twitter_card":"summary_large_image","twitter_misc":{"Gesch\u00e4tzte Lesezeit":"2\u00a0Minuten"},"schema":{"@context":"https:\/\/schema.org","@graph":[{"@type":"WebPage","@id":"https:\/\/bandsolidskladisce.cloudmaple.com\/de\/mein-account\/","url":"https:\/\/bandsolidskladisce.cloudmaple.com\/de\/mein-account\/","name":"Mein Account - Bandsolid Filters","isPartOf":{"@id":"https:\/\/bandsolidskladisce.cloudmaple.com\/de\/#website"},"datePublished":"2025-02-24T10:30:02+00:00","dateModified":"2025-04-21T15:17:08+00:00","breadcrumb":{"@id":"https:\/\/bandsolidskladisce.cloudmaple.com\/de\/mein-account\/#breadcrumb"},"inLanguage":"de","potentialAction":[{"@type":"ReadAction","target":["https:\/\/bandsolidskladisce.cloudmaple.com\/de\/mein-account\/"]}]},{"@type":"BreadcrumbList","@id":"https:\/\/bandsolidskladisce.cloudmaple.com\/de\/mein-account\/#breadcrumb","itemListElement":[{"@type":"ListItem","position":1,"name":"Home","item":"https:\/\/bandsolidskladisce.cloudmaple.com\/de\/en\/"},{"@type":"ListItem","position":2,"name":"Mein Account"}]},{"@type":"WebSite","@id":"https:\/\/bandsolidskladisce.cloudmaple.com\/de\/#website","url":"https:\/\/bandsolidskladisce.cloudmaple.com\/de\/","name":"Bandsolid Filters","description":"","publisher":{"@id":"https:\/\/bandsolidskladisce.cloudmaple.com\/de\/#organization"},"potentialAction":[{"@type":"SearchAction","target":{"@type":"EntryPoint","urlTemplate":"https:\/\/bandsolidskladisce.cloudmaple.com\/de\/?s={search_term_string}"},"query-input":{"@type":"PropertyValueSpecification","valueRequired":true,"valueName":"search_term_string"}}],"inLanguage":"de"},{"@type":"Organization","@id":"https:\/\/bandsolidskladisce.cloudmaple.com\/de\/#organization","name":"Bandsolid Filters","url":"https:\/\/bandsolidskladisce.cloudmaple.com\/de\/","logo":{"@type":"ImageObject","inLanguage":"de","@id":"https:\/\/bandsolidskladisce.cloudmaple.com\/de\/#\/schema\/logo\/image\/","url":"https:\/\/bandsolidskladisce.cloudmaple.com\/wp-content\/uploads\/2025\/04\/bandsolid-karntennetz-logo-v4.png","contentUrl":"https:\/\/bandsolidskladisce.cloudmaple.com\/wp-content\/uploads\/2025\/04\/bandsolid-karntennetz-logo-v4.png","width":387,"height":61,"caption":"Bandsolid Filters"},"image":{"@id":"https:\/\/bandsolidskladisce.cloudmaple.com\/de\/#\/schema\/logo\/image\/"}}]}},"_links":{"self":[{"href":"https:\/\/bandsolidskladisce.cloudmaple.com\/de\/wp-json\/wp\/v2\/pages\/1220","targetHints":{"allow":["GET"]}}],"collection":[{"href":"https:\/\/bandsolidskladisce.cloudmaple.com\/de\/wp-json\/wp\/v2\/pages"}],"about":[{"href":"https:\/\/bandsolidskladisce.cloudmaple.com\/de\/wp-json\/wp\/v2\/types\/page"}],"author":[{"embeddable":true,"href":"https:\/\/bandsolidskladisce.cloudmaple.com\/de\/wp-json\/wp\/v2\/users\/1"}],"replies":[{"embeddable":true,"href":"https:\/\/bandsolidskladisce.cloudmaple.com\/de\/wp-json\/wp\/v2\/comments?post=1220"}],"version-history":[{"count":8,"href":"https:\/\/bandsolidskladisce.cloudmaple.com\/de\/wp-json\/wp\/v2\/pages\/1220\/revisions"}],"predecessor-version":[{"id":2583,"href":"https:\/\/bandsolidskladisce.cloudmaple.com\/de\/wp-json\/wp\/v2\/pages\/1220\/revisions\/2583"}],"wp:attachment":[{"href":"https:\/\/bandsolidskladisce.cloudmaple.com\/de\/wp-json\/wp\/v2\/media?parent=1220"}],"curies":[{"name":"wp","href":"https:\/\/api.w.org\/{rel}","templated":true}]}}